{"id":241,"date":"2023-08-02T13:30:46","date_gmt":"2023-08-02T12:30:46","guid":{"rendered":"https:\/\/lacalahills.org\/?page_id=241"},"modified":"2023-08-02T21:51:25","modified_gmt":"2023-08-02T20:51:25","slug":"acerca-de","status":"publish","type":"page","link":"https:\/\/lacalahills.org\/?page_id=241&lang=es","title":{"rendered":"Acerca de"},"content":{"rendered":"\n<p>La Cala Hills es una Mancomunidad en medio del Valle del Golf de Mijas.<\/p>\n\n\n\n<p>La Mancomunidad se compone de comunidades de varios tama\u00f1os y propiedades individuales y villas.<\/p>\n\n\n\n<p>La primera comunidad fue Fase 1, establecida en 1999.<\/p>\n\n\n\n<h2 class=\"wp-block-heading\">Responsabilidad<\/h2>\n\n\n\n<p>La responsabilidad de la Mancomunidad es la limpieza y mantenimiento de los m\u00e1s de 7 kil\u00f3metros de aceras.<\/p>\n\n\n\n<h2 class=\"wp-block-heading\">Funcionarios<\/h2>\n\n\n\n<p>La Mancomunidad tiene un Presidente electo y un Vicepresidente electo. El Presidente y el Vicepresidente son elegidos en la Asamblea General Anual (AGM).<\/p>\n\n\n\n<p>Tambi\u00e9n se selecciona un administrador en la AGM.<\/p>\n\n\n\n<h2 class=\"wp-block-heading\">Cosas para hacer<\/h2>\n\n\n\n<p>La Cala Hills ofrece una variedad de oportunidades para hacer ejercicio y reuniones sociales.<\/p>\n\n\n\n<p>Si le gusta caminar, correr o andar en bicicleta, tiene amplias posibilidades para hacerlo en La Cala Hills y sus alrededores.<\/p>\n\n\n\n<p>Para los amantes del golf, La Cala Hills situada entre Mijas Golf con dos campos de golf, y Santa Golf ofrece oportunidades perfectas para practicar sus golpes.<\/p>\n\n\n\n<p>Raquets de Mijas, tambi\u00e9n ubicado en La Cala Hills, ofrece una pl\u00e9tora de actividades para el f\u00edsico activo.<\/p>\n\n\n\n<h2 class=\"wp-block-heading\">Restaurantes y Bares<\/h2>\n\n\n\n<p>Tambi\u00e9n se encuentran dentro de La Cala Hills una serie de restaurantes y bares.<\/p>\n\n\n\n<h2 class=\"wp-block-heading\">Lugares de servicio<\/h2>\n\n\n\n<p>En La Cala Hills se ubican un par de Inmobiliarias, una Guarder\u00eda Infantil, un Super Mercado y un Hammam.<\/p>\n","protected":false},"excerpt":{"rendered":"<p>La Cala Hills es una Mancomunidad en medio del Valle del Golf de Mijas. La Mancomunidad se compone de comunidades de varios tama\u00f1os y propiedades individuales y villas. La primera comunidad fue Fase 1, establecida en 1999. Responsabilidad La responsabilidad &hellip; <a href=\"https:\/\/lacalahills.org\/?page_id=241&#038;lang=es\">Continue reading <span class=\"meta-nav\">&rarr;<\/span><\/a><\/p>\n","protected":false},"author":1,"featured_media":0,"parent":0,"menu_order":0,"comment_status":"closed","ping_status":"closed","template":"","meta":[],"_links":{"self":[{"href":"https:\/\/lacalahills.org\/index.php?rest_route=\/wp\/v2\/pages\/241"}],"collection":[{"href":"https:\/\/lacalahills.org\/index.php?rest_route=\/wp\/v2\/pages"}],"about":[{"href":"https:\/\/lacalahills.org\/index.php?rest_route=\/wp\/v2\/types\/page"}],"author":[{"embeddable":true,"href":"https:\/\/lacalahills.org\/index.php?rest_route=\/wp\/v2\/users\/1"}],"replies":[{"embeddable":true,"href":"https:\/\/lacalahills.org\/index.php?rest_route=%2Fwp%2Fv2%2Fcomments&post=241"}],"version-history":[{"count":1,"href":"https:\/\/lacalahills.org\/index.php?rest_route=\/wp\/v2\/pages\/241\/revisions"}],"predecessor-version":[{"id":243,"href":"https:\/\/lacalahills.org\/index.php?rest_route=\/wp\/v2\/pages\/241\/revisions\/243"}],"wp:attachment":[{"href":"https:\/\/lacalahills.org\/index.php?rest_route=%2Fwp%2Fv2%2Fmedia&parent=241"}],"curies":[{"name":"wp","href":"https:\/\/api.w.org\/{rel}","templated":true}]}}